{"id":48,"date":"2022-08-27T11:40:59","date_gmt":"2022-08-27T14:40:59","guid":{"rendered":"https:\/\/camargovida.adv.br\/?page_id=48"},"modified":"2022-08-30T11:09:06","modified_gmt":"2022-08-30T14:09:06","slug":"direito-criminal","status":"publish","type":"page","link":"https:\/\/camargovida.adv.br\/index.php\/direito-criminal\/","title":{"rendered":"Direito Criminal"},"content":{"rendered":"\t\t<div data-elementor-type=\"wp-page\" data-elementor-id=\"48\" class=\"elementor elementor-48\">\n\t\t\t\t\t\t<section class=\"elementor-section elementor-top-section elementor-element elementor-element-5514401b elementor-section-height-min-height elementor-section-content-middle elementor-section-boxed elementor-section-height-default elementor-section-items-middle\" data-id=\"5514401b\" data-element_type=\"section\" data-settings=\"{&quot;background_background&quot;:&quot;classic&quot;}\">\n\t\t\t\t\t\t<div class=\"elementor-container elementor-column-gap-default\">\n\t\t\t\t\t<div class=\"elementor-column elementor-col-100 elementor-top-column elementor-element elementor-element-6846c7a7\" data-id=\"6846c7a7\" data-element_type=\"column\">\n\t\t\t<div class=\"elementor-widget-wrap\">\n\t\t\t\t\t\t\t<\/div>\n\t\t<\/div>\n\t\t\t\t\t<\/div>\n\t\t<\/section>\n\t\t\t\t<section class=\"elementor-section elementor-top-section elementor-element elementor-element-5bc47e1 elementor-section-boxed elementor-section-height-default elementor-section-height-default\" data-id=\"5bc47e1\" data-element_type=\"section\" data-settings=\"{&quot;background_background&quot;:&quot;classic&quot;}\">\n\t\t\t\t\t\t<div class=\"elementor-container elementor-column-gap-default\">\n\t\t\t\t\t<div class=\"elementor-column elementor-col-100 elementor-top-column elementor-element elementor-element-5f53d9b4\" data-id=\"5f53d9b4\" data-element_type=\"column\">\n\t\t\t<div class=\"elementor-widget-wrap elementor-element-populated\">\n\t\t\t\t\t\t<div class=\"elementor-element elementor-element-225f40e3 elementor-widget elementor-widget-heading\" data-id=\"225f40e3\" data-element_type=\"widget\" data-widget_type=\"heading.default\">\n\t\t\t\t<div class=\"elementor-widget-container\">\n\t\t\t\t\t<h2 class=\"elementor-heading-title elementor-size-default\">DIREITO CRIMINAL<\/h2>\t\t\t\t<\/div>\n\t\t\t\t<\/div>\n\t\t\t\t<div class=\"elementor-element elementor-element-255ba194 elementor-widget elementor-widget-text-editor\" data-id=\"255ba194\" data-element_type=\"widget\" data-widget_type=\"text-editor.default\">\n\t\t\t\t<div class=\"elementor-widget-container\">\n\t\t\t\t\t\t\t\t\t<p>Atua\u00e7\u00e3o ampla na esfera criminal, atuando em todas as esferas abaixo:<\/p>\t\t\t\t\t\t\t\t<\/div>\n\t\t\t\t<\/div>\n\t\t\t\t<div class=\"elementor-element elementor-element-4e45972 elementor-widget elementor-widget-text-editor\" data-id=\"4e45972\" data-element_type=\"widget\" data-widget_type=\"text-editor.default\">\n\t\t\t\t<div class=\"elementor-widget-container\">\n\t\t\t\t\t\t\t\t\t<ul><li>Defesa em Inqu\u00e9ritos Policiais na esfera Estadual e Federal<\/li><li>Sustenta\u00e7\u00f5es Orais, em todos os Tribunais de Justi\u00e7a, Tribunais Regionais Federais, Superior Tribunal de Justi\u00e7a e Supremo Tribunal Federal<\/li><li>Tribunal do J\u00fari<\/li><li>Crimes contra \u00e0 honra<\/li><li>Direito Penal Econ\u00f4mico<\/li><li>Crimes Contra a Ordem Econ\u00f4mica<\/li><li>Crimes Contra as Rela\u00e7\u00f5es de Consumo<\/li><li>Crimes Contra o Sistema Financeiro Nacional<\/li><li>Crimes Contra a Ordem Tribut\u00e1ria<\/li><li>Crimes Contra o Sistema Previdenci\u00e1rio<\/li><li>Crimes Contra o Patrim\u00f4nio<\/li><li>Crimes Contra a Propriedade Imaterial<\/li><li>Crimes Contra a Dignidade Sexual<\/li><li>Crimes Contra a F\u00e9 P\u00fablica<\/li><li><span style=\"font-size: 1rem;\">Crimes Contra a Administra\u00e7\u00e3o P\u00fablica<\/span><\/li><li><span style=\"font-size: 1rem;\">Crimes Contra a Honra<\/span><\/li><li><span style=\"font-size: 1rem;\">Crimes Eleitorais<\/span><\/li><li><span style=\"font-size: 1rem;\">Comiss\u00e3o Parlamentar de Inqu\u00e9rito \u2013 CPIs<\/span><\/li><\/ul>\t\t\t\t\t\t\t\t<\/div>\n\t\t\t\t<\/div>\n\t\t\t\t\t<\/div>\n\t\t<\/div>\n\t\t\t\t\t<\/div>\n\t\t<\/section>\n\t\t\t\t<section class=\"elementor-section elementor-top-section elementor-element elementor-element-29c14afb elementor-section-height-min-height elementor-section-boxed elementor-section-height-default elementor-section-items-middle\" data-id=\"29c14afb\" data-element_type=\"section\" data-settings=\"{&quot;background_background&quot;:&quot;classic&quot;}\">\n\t\t\t\t\t\t\t<div class=\"elementor-background-overlay\"><\/div>\n\t\t\t\t\t\t\t<div class=\"elementor-container elementor-column-gap-default\">\n\t\t\t\t\t<div class=\"elementor-column elementor-col-50 elementor-top-column elementor-element elementor-element-703e6e3b\" data-id=\"703e6e3b\" data-element_type=\"column\">\n\t\t\t<div class=\"elementor-widget-wrap elementor-element-populated\">\n\t\t\t\t\t\t<div class=\"elementor-element elementor-element-ad1f4a6 elementor-widget elementor-widget-heading\" data-id=\"ad1f4a6\" data-element_type=\"widget\" data-widget_type=\"heading.default\">\n\t\t\t\t<div class=\"elementor-widget-container\">\n\t\t\t\t\t<h2 class=\"elementor-heading-title elementor-size-default\">Precisa de ajuda jur\u00eddica? Entre em contato conosco!<\/h2>\t\t\t\t<\/div>\n\t\t\t\t<\/div>\n\t\t\t\t\t<\/div>\n\t\t<\/div>\n\t\t\t\t<div class=\"elementor-column elementor-col-50 elementor-top-column elementor-element elementor-element-760c851d\" data-id=\"760c851d\" data-element_type=\"column\">\n\t\t\t<div class=\"elementor-widget-wrap elementor-element-populated\">\n\t\t\t\t\t\t<div class=\"elementor-element elementor-element-2797d871 elementor-align-right elementor-widget elementor-widget-button\" data-id=\"2797d871\" data-element_type=\"widget\" data-widget_type=\"button.default\">\n\t\t\t\t<div class=\"elementor-widget-container\">\n\t\t\t\t\t\t\t\t\t<div class=\"elementor-button-wrapper\">\n\t\t\t\t\t<a class=\"elementor-button elementor-button-link elementor-size-lg\" href=\"https:\/\/camargovida.adv.br\/index.php\/contato\/\">\n\t\t\t\t\t\t<span class=\"elementor-button-content-wrapper\">\n\t\t\t\t\t\t\t\t\t<span class=\"elementor-button-text\">Clique aqui<\/span>\n\t\t\t\t\t<\/span>\n\t\t\t\t\t<\/a>\n\t\t\t\t<\/div>\n\t\t\t\t\t\t\t\t<\/div>\n\t\t\t\t<\/div>\n\t\t\t\t\t<\/div>\n\t\t<\/div>\n\t\t\t\t\t<\/div>\n\t\t<\/section>\n\t\t\t\t<\/div>\n\t\t","protected":false},"excerpt":{"rendered":"<p>DIREITO CRIMINAL Atua\u00e7\u00e3o ampla na esfera criminal, atuando em todas as esferas abaixo: Defesa em Inqu\u00e9ritos Policiais na esfera Estadual e Federal Sustenta\u00e7\u00f5es Orais, em todos os Tribunais de Justi\u00e7a, Tribunais Regionais Federais, Superior Tribunal de Justi\u00e7a e Supremo Tribunal Federal Tribunal do J\u00fari Crimes contra \u00e0 honra Direito Penal Econ\u00f4mico Crimes Contra a Ordem [&hellip;]<\/p>\n","protected":false},"author":1,"featured_media":0,"parent":0,"menu_order":0,"comment_status":"closed","ping_status":"closed","template":"elementor_canvas","meta":{"footnotes":""},"class_list":["post-48","page","type-page","status-publish","hentry"],"_links":{"self":[{"href":"https:\/\/camargovida.adv.br\/index.php\/wp-json\/wp\/v2\/pages\/48","targetHints":{"allow":["GET"]}}],"collection":[{"href":"https:\/\/camargovida.adv.br\/index.php\/wp-json\/wp\/v2\/pages"}],"about":[{"href":"https:\/\/camargovida.adv.br\/index.php\/wp-json\/wp\/v2\/types\/page"}],"author":[{"embeddable":true,"href":"https:\/\/camargovida.adv.br\/index.php\/wp-json\/wp\/v2\/users\/1"}],"replies":[{"embeddable":true,"href":"https:\/\/camargovida.adv.br\/index.php\/wp-json\/wp\/v2\/comments?post=48"}],"version-history":[{"count":16,"href":"https:\/\/camargovida.adv.br\/index.php\/wp-json\/wp\/v2\/pages\/48\/revisions"}],"predecessor-version":[{"id":341,"href":"https:\/\/camargovida.adv.br\/index.php\/wp-json\/wp\/v2\/pages\/48\/revisions\/341"}],"wp:attachment":[{"href":"https:\/\/camargovida.adv.br\/index.php\/wp-json\/wp\/v2\/media?parent=48"}],"curies":[{"name":"wp","href":"https:\/\/api.w.org\/{rel}","templated":true}]}}