{"id":46,"date":"2022-08-27T11:40:29","date_gmt":"2022-08-27T14:40:29","guid":{"rendered":"https:\/\/camargovida.adv.br\/?page_id=46"},"modified":"2022-08-30T11:11:52","modified_gmt":"2022-08-30T14:11:52","slug":"direito-previdenciario","status":"publish","type":"page","link":"https:\/\/camargovida.adv.br\/index.php\/direito-previdenciario\/","title":{"rendered":"Direito Previdenci\u00e1rio"},"content":{"rendered":"\t\t<div data-elementor-type=\"wp-page\" data-elementor-id=\"46\" class=\"elementor elementor-46\">\n\t\t\t\t\t\t<section class=\"elementor-section elementor-top-section elementor-element elementor-element-26a2a956 elementor-section-height-min-height elementor-section-content-middle elementor-section-boxed elementor-section-height-default elementor-section-items-middle\" data-id=\"26a2a956\" data-element_type=\"section\" data-settings=\"{&quot;background_background&quot;:&quot;classic&quot;}\">\n\t\t\t\t\t\t<div class=\"elementor-container elementor-column-gap-default\">\n\t\t\t\t\t<div class=\"elementor-column elementor-col-100 elementor-top-column elementor-element elementor-element-3e15f11e\" data-id=\"3e15f11e\" data-element_type=\"column\">\n\t\t\t<div class=\"elementor-widget-wrap\">\n\t\t\t\t\t\t\t<\/div>\n\t\t<\/div>\n\t\t\t\t\t<\/div>\n\t\t<\/section>\n\t\t\t\t<section class=\"elementor-section elementor-top-section elementor-element elementor-element-493479e0 elementor-section-boxed elementor-section-height-default elementor-section-height-default\" data-id=\"493479e0\" data-element_type=\"section\" data-settings=\"{&quot;background_background&quot;:&quot;classic&quot;}\">\n\t\t\t\t\t\t<div class=\"elementor-container elementor-column-gap-default\">\n\t\t\t\t\t<div class=\"elementor-column elementor-col-100 elementor-top-column elementor-element elementor-element-2fa5cd3a\" data-id=\"2fa5cd3a\" data-element_type=\"column\">\n\t\t\t<div class=\"elementor-widget-wrap elementor-element-populated\">\n\t\t\t\t\t\t<div class=\"elementor-element elementor-element-59f88fe1 elementor-widget elementor-widget-heading\" data-id=\"59f88fe1\" data-element_type=\"widget\" data-widget_type=\"heading.default\">\n\t\t\t\t<div class=\"elementor-widget-container\">\n\t\t\t\t\t<h2 class=\"elementor-heading-title elementor-size-default\">DIREITO PREVIDENCI\u00c1RIO<\/h2>\t\t\t\t<\/div>\n\t\t\t\t<\/div>\n\t\t\t\t<div class=\"elementor-element elementor-element-60ce90bb elementor-widget elementor-widget-text-editor\" data-id=\"60ce90bb\" data-element_type=\"widget\" data-widget_type=\"text-editor.default\">\n\t\t\t\t<div class=\"elementor-widget-container\">\n\t\t\t\t\t\t\t\t\t<p>O escrit\u00f3rio possui profissionais altamente qualificados para a verifica\u00e7\u00e3o do melhor benef\u00edcio aos seus clientes, considerando o direito adquirido e as novas regras conforme estabelecido pela Reforma Previdenci\u00e1ria. Nossas \u00e1reas de atua\u00e7\u00e3o compreende os servi\u00e7os abaixo:<\/p>\t\t\t\t\t\t\t\t<\/div>\n\t\t\t\t<\/div>\n\t\t\t\t<div class=\"elementor-element elementor-element-099dbde elementor-widget elementor-widget-text-editor\" data-id=\"099dbde\" data-element_type=\"widget\" data-widget_type=\"text-editor.default\">\n\t\t\t\t<div class=\"elementor-widget-container\">\n\t\t\t\t\t\t\t\t\t<ul><li>Aposentadorias;<\/li><li>Pens\u00e3o por morte;<\/li><li>Benef\u00edcios por incapacidade (Aux\u00edlio-doen\u00e7a, Aux\u00edlio-acidente);<\/li><li>Aux\u00edlio reclus\u00e3o;<\/li><li>Sal\u00e1rio-maternidade;<\/li><li>Sal\u00e1rio-fam\u00edlia;<\/li><li>Benef\u00edcio de presta\u00e7\u00e3o continuada (BCP)- Amparo assistencial ao idoso e ao deficiente;<\/li><li>Planejamento Previdenci\u00e1rio, o qual visa projetar o melhor benef\u00edcio para o trabalhador, minimizando erros e agilizando o processo de concess\u00e3o.<\/li><\/ul>\t\t\t\t\t\t\t\t<\/div>\n\t\t\t\t<\/div>\n\t\t\t\t\t<\/div>\n\t\t<\/div>\n\t\t\t\t\t<\/div>\n\t\t<\/section>\n\t\t\t\t<section class=\"elementor-section elementor-top-section elementor-element elementor-element-789a7376 elementor-section-height-min-height elementor-section-boxed elementor-section-height-default elementor-section-items-middle\" data-id=\"789a7376\" data-element_type=\"section\" data-settings=\"{&quot;background_background&quot;:&quot;classic&quot;}\">\n\t\t\t\t\t\t\t<div class=\"elementor-background-overlay\"><\/div>\n\t\t\t\t\t\t\t<div class=\"elementor-container elementor-column-gap-default\">\n\t\t\t\t\t<div class=\"elementor-column elementor-col-50 elementor-top-column elementor-element elementor-element-600af4e3\" data-id=\"600af4e3\" data-element_type=\"column\">\n\t\t\t<div class=\"elementor-widget-wrap elementor-element-populated\">\n\t\t\t\t\t\t<div class=\"elementor-element elementor-element-691e35d9 elementor-widget elementor-widget-heading\" data-id=\"691e35d9\" data-element_type=\"widget\" data-widget_type=\"heading.default\">\n\t\t\t\t<div class=\"elementor-widget-container\">\n\t\t\t\t\t<h2 class=\"elementor-heading-title elementor-size-default\">Entre em contato conosco!<\/h2>\t\t\t\t<\/div>\n\t\t\t\t<\/div>\n\t\t\t\t\t<\/div>\n\t\t<\/div>\n\t\t\t\t<div class=\"elementor-column elementor-col-50 elementor-top-column elementor-element elementor-element-1375c4c5\" data-id=\"1375c4c5\" data-element_type=\"column\">\n\t\t\t<div class=\"elementor-widget-wrap elementor-element-populated\">\n\t\t\t\t\t\t<div class=\"elementor-element elementor-element-4f178dd elementor-align-right elementor-widget elementor-widget-button\" data-id=\"4f178dd\" data-element_type=\"widget\" data-widget_type=\"button.default\">\n\t\t\t\t<div class=\"elementor-widget-container\">\n\t\t\t\t\t\t\t\t\t<div class=\"elementor-button-wrapper\">\n\t\t\t\t\t<a class=\"elementor-button elementor-button-link elementor-size-lg\" href=\"https:\/\/camargovida.adv.br\/index.php\/contato\/\">\n\t\t\t\t\t\t<span class=\"elementor-button-content-wrapper\">\n\t\t\t\t\t\t\t\t\t<span class=\"elementor-button-text\">Clique aqui<\/span>\n\t\t\t\t\t<\/span>\n\t\t\t\t\t<\/a>\n\t\t\t\t<\/div>\n\t\t\t\t\t\t\t\t<\/div>\n\t\t\t\t<\/div>\n\t\t\t\t\t<\/div>\n\t\t<\/div>\n\t\t\t\t\t<\/div>\n\t\t<\/section>\n\t\t\t\t<\/div>\n\t\t","protected":false},"excerpt":{"rendered":"<p>DIREITO PREVIDENCI\u00c1RIO O escrit\u00f3rio possui profissionais altamente qualificados para a verifica\u00e7\u00e3o do melhor benef\u00edcio aos seus clientes, considerando o direito adquirido e as novas regras conforme estabelecido pela Reforma Previdenci\u00e1ria. Nossas \u00e1reas de atua\u00e7\u00e3o compreende os servi\u00e7os abaixo: Aposentadorias; Pens\u00e3o por morte; Benef\u00edcios por incapacidade (Aux\u00edlio-doen\u00e7a, Aux\u00edlio-acidente); Aux\u00edlio reclus\u00e3o; Sal\u00e1rio-maternidade; Sal\u00e1rio-fam\u00edlia; Benef\u00edcio de presta\u00e7\u00e3o continuada [&hellip;]<\/p>\n","protected":false},"author":1,"featured_media":0,"parent":0,"menu_order":0,"comment_status":"closed","ping_status":"closed","template":"elementor_canvas","meta":{"footnotes":""},"class_list":["post-46","page","type-page","status-publish","hentry"],"_links":{"self":[{"href":"https:\/\/camargovida.adv.br\/index.php\/wp-json\/wp\/v2\/pages\/46","targetHints":{"allow":["GET"]}}],"collection":[{"href":"https:\/\/camargovida.adv.br\/index.php\/wp-json\/wp\/v2\/pages"}],"about":[{"href":"https:\/\/camargovida.adv.br\/index.php\/wp-json\/wp\/v2\/types\/page"}],"author":[{"embeddable":true,"href":"https:\/\/camargovida.adv.br\/index.php\/wp-json\/wp\/v2\/users\/1"}],"replies":[{"embeddable":true,"href":"https:\/\/camargovida.adv.br\/index.php\/wp-json\/wp\/v2\/comments?post=46"}],"version-history":[{"count":13,"href":"https:\/\/camargovida.adv.br\/index.php\/wp-json\/wp\/v2\/pages\/46\/revisions"}],"predecessor-version":[{"id":350,"href":"https:\/\/camargovida.adv.br\/index.php\/wp-json\/wp\/v2\/pages\/46\/revisions\/350"}],"wp:attachment":[{"href":"https:\/\/camargovida.adv.br\/index.php\/wp-json\/wp\/v2\/media?parent=46"}],"curies":[{"name":"wp","href":"https:\/\/api.w.org\/{rel}","templated":true}]}}