{"id":42,"date":"2022-08-27T11:39:28","date_gmt":"2022-08-27T14:39:28","guid":{"rendered":"https:\/\/camargovida.adv.br\/?page_id=42"},"modified":"2022-08-30T11:11:35","modified_gmt":"2022-08-30T14:11:35","slug":"direito-empresarial","status":"publish","type":"page","link":"https:\/\/camargovida.adv.br\/index.php\/direito-empresarial\/","title":{"rendered":"Direito Empresarial"},"content":{"rendered":"\t\t<div data-elementor-type=\"wp-page\" data-elementor-id=\"42\" class=\"elementor elementor-42\">\n\t\t\t\t\t\t<section class=\"elementor-section elementor-top-section elementor-element elementor-element-133b2f8 elementor-section-height-min-height elementor-section-content-middle elementor-section-boxed elementor-section-height-default elementor-section-items-middle\" data-id=\"133b2f8\" data-element_type=\"section\" data-settings=\"{&quot;background_background&quot;:&quot;classic&quot;}\">\n\t\t\t\t\t\t<div class=\"elementor-container elementor-column-gap-default\">\n\t\t\t\t\t<div class=\"elementor-column elementor-col-100 elementor-top-column elementor-element elementor-element-5bba9f07\" data-id=\"5bba9f07\" data-element_type=\"column\">\n\t\t\t<div class=\"elementor-widget-wrap\">\n\t\t\t\t\t\t\t<\/div>\n\t\t<\/div>\n\t\t\t\t\t<\/div>\n\t\t<\/section>\n\t\t\t\t<section class=\"elementor-section elementor-top-section elementor-element elementor-element-34a294f1 elementor-section-boxed elementor-section-height-default elementor-section-height-default\" data-id=\"34a294f1\" data-element_type=\"section\" data-settings=\"{&quot;background_background&quot;:&quot;classic&quot;}\">\n\t\t\t\t\t\t<div class=\"elementor-container elementor-column-gap-default\">\n\t\t\t\t\t<div class=\"elementor-column elementor-col-100 elementor-top-column elementor-element elementor-element-5257799f\" data-id=\"5257799f\" data-element_type=\"column\">\n\t\t\t<div class=\"elementor-widget-wrap elementor-element-populated\">\n\t\t\t\t\t\t<div class=\"elementor-element elementor-element-24bc204 elementor-widget elementor-widget-heading\" data-id=\"24bc204\" data-element_type=\"widget\" data-widget_type=\"heading.default\">\n\t\t\t\t<div class=\"elementor-widget-container\">\n\t\t\t\t\t<h2 class=\"elementor-heading-title elementor-size-default\">DIREITO EMPRESARIAL<\/h2>\t\t\t\t<\/div>\n\t\t\t\t<\/div>\n\t\t\t\t<div class=\"elementor-element elementor-element-6c0e5f59 elementor-widget elementor-widget-text-editor\" data-id=\"6c0e5f59\" data-element_type=\"widget\" data-widget_type=\"text-editor.default\">\n\t\t\t\t<div class=\"elementor-widget-container\">\n\t\t\t\t\t\t\t\t\t<p>Atuamos nas rela\u00e7\u00f5es que envolvem a empresa e o empres\u00e1rio, com destaque nas sucess\u00f5es empresariais. Nestas rela\u00e7\u00f5es destaca-se:<\/p>\t\t\t\t\t\t\t\t<\/div>\n\t\t\t\t<\/div>\n\t\t\t\t<div class=\"elementor-element elementor-element-b995ab3 elementor-widget elementor-widget-text-editor\" data-id=\"b995ab3\" data-element_type=\"widget\" data-widget_type=\"text-editor.default\">\n\t\t\t\t<div class=\"elementor-widget-container\">\n\t\t\t\t\t\t\t\t\t<ul><li>assessoria na constitui\u00e7\u00e3o e estrutura\u00e7\u00e3o de sociedade, joint venture, cis\u00e3o, fus\u00e3o e associa\u00e7\u00f5es;<\/li><li>acordos entre s\u00f3cios;<\/li><li>media\u00e7\u00e3o e assessoria na elabora\u00e7\u00e3o do contrato social, altera\u00e7\u00f5es e consolida\u00e7\u00f5es;<\/li><li>Due dilligence<\/li><li>contratos mercantis<\/li><li>cobran\u00e7a de d\u00edvidas e recupera\u00e7\u00e3o de cr\u00e9ditos<\/li><li>atua\u00e7\u00e3o em lit\u00edgios na \u00e1rea empresaria<\/li><\/ul>\t\t\t\t\t\t\t\t<\/div>\n\t\t\t\t<\/div>\n\t\t\t\t<div class=\"elementor-element elementor-element-f4a192f elementor-widget elementor-widget-text-editor\" data-id=\"f4a192f\" data-element_type=\"widget\" data-widget_type=\"text-editor.default\">\n\t\t\t\t<div class=\"elementor-widget-container\">\n\t\t\t\t\t\t\t\t\t<p><strong><em>Lei Geral de Prote\u00e7\u00e3o de Dados<\/em><\/strong><\/p>\n<p>Atuamos na implementa\u00e7\u00e3o e adequa\u00e7\u00e3o da empresa a Lei Geral de Prote\u00e7\u00e3o de Dados (LGPD- Lei 13.709\/18), com o objetivo de adequa\u00e7\u00e3o da realidade da empresa a suas regras, compreendendo:<\/p>\t\t\t\t\t\t\t\t<\/div>\n\t\t\t\t<\/div>\n\t\t\t\t<div class=\"elementor-element elementor-element-1a60948 elementor-widget elementor-widget-text-editor\" data-id=\"1a60948\" data-element_type=\"widget\" data-widget_type=\"text-editor.default\">\n\t\t\t\t<div class=\"elementor-widget-container\">\n\t\t\t\t\t\t\t\t\t<ul><li>Reuni\u00f5es iniciais com Diretoria e Gestores;<\/li><li>Elabora\u00e7\u00e3o do material de Comunica\u00e7\u00e3o ao mercado;<\/li><li>Cronograma do Projeto;<\/li><li>Conscientiza\u00e7\u00e3o do Comit\u00ea Gestor;<\/li><li>Mapeamento dos Dados \u2013 Levantamento dos Processos atrav\u00e9s de entrevistas;<\/li><li>An\u00e1lise de Riscos, Vulnerabilidades e Relat\u00f3rio de Impacto e Probabilidade;<\/li><li>Identifica\u00e7\u00e3o e valida\u00e7\u00e3o dos riscos e vulnerabilidades encontradas;<\/li><li>Planejamento das a\u00e7\u00f5es a serem executadas para perseguir a Conformidade;<\/li><li>Revis\u00e3o e ajustes dos Contratos;<\/li><li>Revis\u00e3o e\/ou Elabora\u00e7\u00e3o da Pol\u00edtica de Seguran\u00e7a da Informa\u00e7\u00e3o e da Pol\u00edtica de Privacidade;<\/li><li>Comunica\u00e7\u00e3o aos envolvidos da Conformidade com a LGPD;<\/li><li>Workshop para conscientiza\u00e7\u00e3o de todos os colaboradores da empresa.<\/li><\/ul>\t\t\t\t\t\t\t\t<\/div>\n\t\t\t\t<\/div>\n\t\t\t\t\t<\/div>\n\t\t<\/div>\n\t\t\t\t\t<\/div>\n\t\t<\/section>\n\t\t\t\t<section class=\"elementor-section elementor-top-section elementor-element elementor-element-75204199 elementor-section-height-min-height elementor-section-boxed elementor-section-height-default elementor-section-items-middle\" data-id=\"75204199\" data-element_type=\"section\" data-settings=\"{&quot;background_background&quot;:&quot;classic&quot;}\">\n\t\t\t\t\t\t\t<div class=\"elementor-background-overlay\"><\/div>\n\t\t\t\t\t\t\t<div class=\"elementor-container elementor-column-gap-default\">\n\t\t\t\t\t<div class=\"elementor-column elementor-col-50 elementor-top-column elementor-element elementor-element-3349750c\" data-id=\"3349750c\" data-element_type=\"column\">\n\t\t\t<div class=\"elementor-widget-wrap elementor-element-populated\">\n\t\t\t\t\t\t<div class=\"elementor-element elementor-element-b78907c elementor-widget elementor-widget-heading\" data-id=\"b78907c\" data-element_type=\"widget\" data-widget_type=\"heading.default\">\n\t\t\t\t<div class=\"elementor-widget-container\">\n\t\t\t\t\t<h2 class=\"elementor-heading-title elementor-size-default\">Entre em contato conosco!<\/h2>\t\t\t\t<\/div>\n\t\t\t\t<\/div>\n\t\t\t\t\t<\/div>\n\t\t<\/div>\n\t\t\t\t<div class=\"elementor-column elementor-col-50 elementor-top-column elementor-element elementor-element-3c39e8f1\" data-id=\"3c39e8f1\" data-element_type=\"column\">\n\t\t\t<div class=\"elementor-widget-wrap elementor-element-populated\">\n\t\t\t\t\t\t<div class=\"elementor-element elementor-element-504e1f49 elementor-align-right elementor-widget elementor-widget-button\" data-id=\"504e1f49\" data-element_type=\"widget\" data-widget_type=\"button.default\">\n\t\t\t\t<div class=\"elementor-widget-container\">\n\t\t\t\t\t\t\t\t\t<div class=\"elementor-button-wrapper\">\n\t\t\t\t\t<a class=\"elementor-button elementor-button-link elementor-size-lg\" href=\"https:\/\/camargovida.adv.br\/index.php\/contato\/\">\n\t\t\t\t\t\t<span class=\"elementor-button-content-wrapper\">\n\t\t\t\t\t\t\t\t\t<span class=\"elementor-button-text\">Clique aqui<\/span>\n\t\t\t\t\t<\/span>\n\t\t\t\t\t<\/a>\n\t\t\t\t<\/div>\n\t\t\t\t\t\t\t\t<\/div>\n\t\t\t\t<\/div>\n\t\t\t\t\t<\/div>\n\t\t<\/div>\n\t\t\t\t\t<\/div>\n\t\t<\/section>\n\t\t\t\t<\/div>\n\t\t","protected":false},"excerpt":{"rendered":"<p>DIREITO EMPRESARIAL Atuamos nas rela\u00e7\u00f5es que envolvem a empresa e o empres\u00e1rio, com destaque nas sucess\u00f5es empresariais. Nestas rela\u00e7\u00f5es destaca-se: assessoria na constitui\u00e7\u00e3o e estrutura\u00e7\u00e3o de sociedade, joint venture, cis\u00e3o, fus\u00e3o e associa\u00e7\u00f5es; acordos entre s\u00f3cios; media\u00e7\u00e3o e assessoria na elabora\u00e7\u00e3o do contrato social, altera\u00e7\u00f5es e consolida\u00e7\u00f5es; Due dilligence contratos mercantis cobran\u00e7a de d\u00edvidas e [&hellip;]<\/p>\n","protected":false},"author":1,"featured_media":0,"parent":0,"menu_order":0,"comment_status":"closed","ping_status":"closed","template":"elementor_canvas","meta":{"footnotes":""},"class_list":["post-42","page","type-page","status-publish","hentry"],"_links":{"self":[{"href":"https:\/\/camargovida.adv.br\/index.php\/wp-json\/wp\/v2\/pages\/42","targetHints":{"allow":["GET"]}}],"collection":[{"href":"https:\/\/camargovida.adv.br\/index.php\/wp-json\/wp\/v2\/pages"}],"about":[{"href":"https:\/\/camargovida.adv.br\/index.php\/wp-json\/wp\/v2\/types\/page"}],"author":[{"embeddable":true,"href":"https:\/\/camargovida.adv.br\/index.php\/wp-json\/wp\/v2\/users\/1"}],"replies":[{"embeddable":true,"href":"https:\/\/camargovida.adv.br\/index.php\/wp-json\/wp\/v2\/comments?post=42"}],"version-history":[{"count":22,"href":"https:\/\/camargovida.adv.br\/index.php\/wp-json\/wp\/v2\/pages\/42\/revisions"}],"predecessor-version":[{"id":347,"href":"https:\/\/camargovida.adv.br\/index.php\/wp-json\/wp\/v2\/pages\/42\/revisions\/347"}],"wp:attachment":[{"href":"https:\/\/camargovida.adv.br\/index.php\/wp-json\/wp\/v2\/media?parent=42"}],"curies":[{"name":"wp","href":"https:\/\/api.w.org\/{rel}","templated":true}]}}