{"id":40,"date":"2022-08-27T11:38:51","date_gmt":"2022-08-27T14:38:51","guid":{"rendered":"https:\/\/camargovida.adv.br\/?page_id=40"},"modified":"2026-04-09T18:31:30","modified_gmt":"2026-04-09T21:31:30","slug":"direito-civel","status":"publish","type":"page","link":"https:\/\/camargovida.adv.br\/index.php\/direito-civel\/","title":{"rendered":"Direito C\u00edvel"},"content":{"rendered":"\t\t<div data-elementor-type=\"wp-page\" data-elementor-id=\"40\" class=\"elementor elementor-40\">\n\t\t\t\t\t\t<section class=\"elementor-section elementor-top-section elementor-element elementor-element-1fc343de elementor-section-height-min-height elementor-section-content-middle elementor-section-boxed elementor-section-height-default elementor-section-items-middle\" data-id=\"1fc343de\" data-element_type=\"section\" data-settings=\"{&quot;background_background&quot;:&quot;classic&quot;}\">\n\t\t\t\t\t\t<div class=\"elementor-container elementor-column-gap-default\">\n\t\t\t\t\t<div class=\"elementor-column elementor-col-100 elementor-top-column elementor-element elementor-element-fe64a91\" data-id=\"fe64a91\" data-element_type=\"column\">\n\t\t\t<div class=\"elementor-widget-wrap\">\n\t\t\t\t\t\t\t<\/div>\n\t\t<\/div>\n\t\t\t\t\t<\/div>\n\t\t<\/section>\n\t\t\t\t<section class=\"elementor-section elementor-top-section elementor-element elementor-element-3f47bfdb elementor-section-boxed elementor-section-height-default elementor-section-height-default\" data-id=\"3f47bfdb\" data-element_type=\"section\" data-settings=\"{&quot;background_background&quot;:&quot;classic&quot;}\">\n\t\t\t\t\t\t<div class=\"elementor-container elementor-column-gap-default\">\n\t\t\t\t\t<div class=\"elementor-column elementor-col-100 elementor-top-column elementor-element elementor-element-1dc559\" data-id=\"1dc559\" data-element_type=\"column\">\n\t\t\t<div class=\"elementor-widget-wrap elementor-element-populated\">\n\t\t\t\t\t\t<div class=\"elementor-element elementor-element-43d25f2 elementor-widget elementor-widget-image\" data-id=\"43d25f2\" data-element_type=\"widget\" data-widget_type=\"image.default\">\n\t\t\t\t<div class=\"elementor-widget-container\">\n\t\t\t\t\t\t\t\t\t\t\t\t\t\t\t<img fetchpriority=\"high\" decoding=\"async\" width=\"800\" height=\"506\" src=\"https:\/\/camargovida.adv.br\/wp-content\/uploads\/2026\/04\/Blue-Name-ID-Card-1-1.png\" class=\"attachment-large size-large wp-image-438\" alt=\"\" srcset=\"https:\/\/camargovida.adv.br\/wp-content\/uploads\/2026\/04\/Blue-Name-ID-Card-1-1.png 1011w, https:\/\/camargovida.adv.br\/wp-content\/uploads\/2026\/04\/Blue-Name-ID-Card-1-1-300x190.png 300w, https:\/\/camargovida.adv.br\/wp-content\/uploads\/2026\/04\/Blue-Name-ID-Card-1-1-768x485.png 768w\" sizes=\"(max-width: 800px) 100vw, 800px\" \/>\t\t\t\t\t\t\t\t\t\t\t\t\t\t\t<\/div>\n\t\t\t\t<\/div>\n\t\t\t\t<div class=\"elementor-element elementor-element-4c53981b elementor-widget elementor-widget-heading\" data-id=\"4c53981b\" data-element_type=\"widget\" data-widget_type=\"heading.default\">\n\t\t\t\t<div class=\"elementor-widget-container\">\n\t\t\t\t\t<h2 class=\"elementor-heading-title elementor-size-default\">DIREITO C\u00cdVEL<\/h2>\t\t\t\t<\/div>\n\t\t\t\t<\/div>\n\t\t\t\t<div class=\"elementor-element elementor-element-1e7b546d elementor-widget elementor-widget-text-editor\" data-id=\"1e7b546d\" data-element_type=\"widget\" data-widget_type=\"text-editor.default\">\n\t\t\t\t<div class=\"elementor-widget-container\">\n\t\t\t\t\t\t\t\t\t<p>O escrit\u00f3rio Camargo Vida, no exerc\u00edcio de suas atividades profissionais, mant\u00e9m parceria estrat\u00e9gica com o escrit\u00f3rio Rolof Menegasso.<\/p><p>Referida parceria estrutura-se sob bases de coopera\u00e7\u00e3o t\u00e9cnica e integra\u00e7\u00e3o operacional, por meio da qual o escrit\u00f3rio Rolof Menegasso atua na \u00e1rea do Direito Civil em alinhamento \u00e0s diretrizes institucionais do Camargo Vida, observando os mesmos padr\u00f5es de qualidade, \u00e9tica e rigor jur\u00eddico.<\/p><p>Tal atua\u00e7\u00e3o conjunta visa \u00e0 presta\u00e7\u00e3o de servi\u00e7os jur\u00eddicos de excel\u00eancia, pautados na seguran\u00e7a, efici\u00eancia e plena satisfa\u00e7\u00e3o dos interesses dos clientes.<\/p><h3 data-path-to-node=\"6\"><b data-path-to-node=\"6\" data-index-in-node=\"0\">Direito das Rela\u00e7\u00f5es de Consumo<\/b><\/h3><p data-path-to-node=\"7\">Atuamos de forma estrat\u00e9gica na preven\u00e7\u00e3o e resolu\u00e7\u00e3o de conflitos, garantindo o equil\u00edbrio jur\u00eddico e o respeito aos direitos do consumidor.<\/p><ul data-path-to-node=\"8\"><li><p data-path-to-node=\"8,0,0\">Indeniza\u00e7\u00f5es por danos morais e materiais.<\/p><\/li><li><p data-path-to-node=\"8,1,0\">Resolu\u00e7\u00e3o de descumprimentos contratuais.<\/p><\/li><li><p data-path-to-node=\"8,2,0\">Representa\u00e7\u00e3o e defesa perante o PROCON e \u00f3rg\u00e3os administrativos.<\/p><\/li><\/ul><h3 data-path-to-node=\"9\"><b data-path-to-node=\"9\" data-index-in-node=\"0\">Direito Contratual e Obriga\u00e7\u00f5es<\/b><\/h3><p data-path-to-node=\"10\">Consultoria especializada na elabora\u00e7\u00e3o e revis\u00e3o de instrumentos jur\u00eddicos para pessoas f\u00edsicas e jur\u00eddicas, assegurando m\u00e1xima prote\u00e7\u00e3o patrimonial.<\/p><ul data-path-to-node=\"11\"><li><p data-path-to-node=\"11,0,0\">Compra e Venda, Loca\u00e7\u00e3o e Comodato.<\/p><\/li><li><p data-path-to-node=\"11,1,0\">Contratos de Transporte, M\u00fatuo e Confiss\u00e3o de D\u00edvida.<\/p><\/li><li><p data-path-to-node=\"11,2,0\">Leasing, Aliena\u00e7\u00e3o Fiduci\u00e1ria e Licen\u00e7as de Uso.<\/p><\/li><li><p data-path-to-node=\"11,3,0\">Gest\u00e3o de Distratos e Rescis\u00f5es Contratuais.<\/p><\/li><\/ul><h3 data-path-to-node=\"12\"><b data-path-to-node=\"12\" data-index-in-node=\"0\">Responsabilidade Civil e Direitos Civis<\/b><\/h3><p data-path-to-node=\"13\">Prote\u00e7\u00e3o de direitos fundamentais e repara\u00e7\u00e3o de danos em diversas esferas.<\/p><ul data-path-to-node=\"14\"><li><p data-path-to-node=\"14,0,0\">Indeniza\u00e7\u00f5es (Danos Materiais, Lucros Cessantes e Danos Morais).<\/p><\/li><li><p data-path-to-node=\"14,1,0\">Direitos de Vizinhan\u00e7a.<\/p><\/li><li><p data-path-to-node=\"14,2,0\">Obriga\u00e7\u00f5es de fazer relacionadas \u00e0 Sa\u00fade.<\/p><\/li><li><p data-path-to-node=\"14,3,0\">Retifica\u00e7\u00e3o de registro civil e mudan\u00e7a de nome.<\/p><\/li><li><p data-path-to-node=\"14,4,0\">Defesas em sindic\u00e2ncias e processos \u00e9tico-disciplinares junto a \u00f3rg\u00e3os de classe.<\/p><\/li><\/ul><h3 data-path-to-node=\"15\"><b data-path-to-node=\"15\" data-index-in-node=\"0\">Direito Imobili\u00e1rio<\/b><\/h3><p data-path-to-node=\"16\">Assessoria completa em transa\u00e7\u00f5es e regulariza\u00e7\u00f5es imobili\u00e1rias.<\/p><ul data-path-to-node=\"17\"><li><p data-path-to-node=\"17,0,0\">Dilig\u00eancias para levantamento de certid\u00f5es e regulariza\u00e7\u00e3o perante Cart\u00f3rios e Prefeituras.<\/p><\/li><li><p data-path-to-node=\"17,1,0\">Escrituras, Hipotecas e Permutas.<\/p><\/li><li><p data-path-to-node=\"17,2,0\">A\u00e7\u00f5es Possess\u00f3rias, Desapropria\u00e7\u00f5es e Arrendamentos.<\/p><\/li><\/ul><h3 data-path-to-node=\"18\"><b data-path-to-node=\"18\" data-index-in-node=\"0\">Direito de Fam\u00edlia e Sucess\u00f5es<\/b><\/h3><p data-path-to-node=\"19\">Abordagem humanizada e t\u00e9cnica na resolu\u00e7\u00e3o de quest\u00f5es familiares e planejamento patrimonial.<\/p><ul data-path-to-node=\"20\"><li><p data-path-to-node=\"20,0,0\"><b data-path-to-node=\"20,0,0\" data-index-in-node=\"0\">Sucess\u00f5es:<\/b> Invent\u00e1rios (judiciais e extrajudiciais), sobrepartilhas, testamentos e planejamento sucess\u00f3rio.<\/p><\/li><li><p data-path-to-node=\"20,1,0\"><b data-path-to-node=\"20,1,0\" data-index-in-node=\"0\">Fam\u00edlia:<\/b> Div\u00f3rcios, reconhecimento e dissolu\u00e7\u00e3o de uni\u00e3o est\u00e1vel (judicial e extrajudicial).<\/p><\/li><li><p data-path-to-node=\"20,2,0\"><b data-path-to-node=\"20,2,0\" data-index-in-node=\"0\">C\u00edvel Familiar:<\/b> A\u00e7\u00f5es de guarda, pens\u00e3o aliment\u00edcia, regulamenta\u00e7\u00e3o de visitas e exonera\u00e7\u00e3o de alimentos.<\/p><\/li><li><p data-path-to-node=\"20,3,0\"><b data-path-to-node=\"20,3,0\" data-index-in-node=\"0\">Consultivo:<\/b> Pactos antenupciais e alvar\u00e1s judiciais.<\/p><\/li><\/ul>\t\t\t\t\t\t\t\t<\/div>\n\t\t\t\t<\/div>\n\t\t\t\t<div class=\"elementor-element elementor-element-a30f8cd elementor-widget elementor-widget-spacer\" data-id=\"a30f8cd\" data-element_type=\"widget\" data-widget_type=\"spacer.default\">\n\t\t\t\t<div class=\"elementor-widget-container\">\n\t\t\t\t\t\t\t<div class=\"elementor-spacer\">\n\t\t\t<div class=\"elementor-spacer-inner\"><\/div>\n\t\t<\/div>\n\t\t\t\t\t\t<\/div>\n\t\t\t\t<\/div>\n\t\t\t\t<div class=\"elementor-element elementor-element-4960c81 elementor-align-center elementor-widget elementor-widget-button\" data-id=\"4960c81\" data-element_type=\"widget\" data-widget_type=\"button.default\">\n\t\t\t\t<div class=\"elementor-widget-container\">\n\t\t\t\t\t\t\t\t\t<div class=\"elementor-button-wrapper\">\n\t\t\t\t\t<a class=\"elementor-button elementor-button-link elementor-size-sm\" href=\"https:\/\/camargovida.adv.br\/index.php\/rolof-menegasso\/\">\n\t\t\t\t\t\t<span class=\"elementor-button-content-wrapper\">\n\t\t\t\t\t\t\t\t\t<span class=\"elementor-button-text\">Rolof Menegasso<\/span>\n\t\t\t\t\t<\/span>\n\t\t\t\t\t<\/a>\n\t\t\t\t<\/div>\n\t\t\t\t\t\t\t\t<\/div>\n\t\t\t\t<\/div>\n\t\t\t\t\t<\/div>\n\t\t<\/div>\n\t\t\t\t\t<\/div>\n\t\t<\/section>\n\t\t\t\t<section class=\"elementor-section elementor-top-section elementor-element elementor-element-b324423 elementor-section-height-min-height elementor-section-boxed elementor-section-height-default elementor-section-items-middle\" data-id=\"b324423\" data-element_type=\"section\" data-settings=\"{&quot;background_background&quot;:&quot;classic&quot;}\">\n\t\t\t\t\t\t\t<div class=\"elementor-background-overlay\"><\/div>\n\t\t\t\t\t\t\t<div class=\"elementor-container elementor-column-gap-default\">\n\t\t\t\t\t<div class=\"elementor-column elementor-col-50 elementor-top-column elementor-element elementor-element-bd18991\" data-id=\"bd18991\" data-element_type=\"column\">\n\t\t\t<div class=\"elementor-widget-wrap elementor-element-populated\">\n\t\t\t\t\t\t<div class=\"elementor-element elementor-element-497cb92 elementor-widget elementor-widget-heading\" data-id=\"497cb92\" data-element_type=\"widget\" data-widget_type=\"heading.default\">\n\t\t\t\t<div class=\"elementor-widget-container\">\n\t\t\t\t\t<h2 class=\"elementor-heading-title elementor-size-default\"> Entre em contato conosco!<\/h2>\t\t\t\t<\/div>\n\t\t\t\t<\/div>\n\t\t\t\t\t<\/div>\n\t\t<\/div>\n\t\t\t\t<div class=\"elementor-column elementor-col-50 elementor-top-column elementor-element elementor-element-2a800ae\" data-id=\"2a800ae\" data-element_type=\"column\">\n\t\t\t<div class=\"elementor-widget-wrap elementor-element-populated\">\n\t\t\t\t\t\t<div class=\"elementor-element elementor-element-2b3931c elementor-align-right elementor-widget elementor-widget-button\" data-id=\"2b3931c\" data-element_type=\"widget\" data-widget_type=\"button.default\">\n\t\t\t\t<div class=\"elementor-widget-container\">\n\t\t\t\t\t\t\t\t\t<div class=\"elementor-button-wrapper\">\n\t\t\t\t\t<a class=\"elementor-button elementor-button-link elementor-size-lg\" href=\"https:\/\/camargovida.adv.br\/index.php\/contato\/\">\n\t\t\t\t\t\t<span class=\"elementor-button-content-wrapper\">\n\t\t\t\t\t\t\t\t\t<span class=\"elementor-button-text\">Clique aqui<\/span>\n\t\t\t\t\t<\/span>\n\t\t\t\t\t<\/a>\n\t\t\t\t<\/div>\n\t\t\t\t\t\t\t\t<\/div>\n\t\t\t\t<\/div>\n\t\t\t\t\t<\/div>\n\t\t<\/div>\n\t\t\t\t\t<\/div>\n\t\t<\/section>\n\t\t\t\t<\/div>\n\t\t","protected":false},"excerpt":{"rendered":"<p>DIREITO C\u00cdVEL O escrit\u00f3rio Camargo Vida, no exerc\u00edcio de suas atividades profissionais, mant\u00e9m parceria estrat\u00e9gica com o escrit\u00f3rio Rolof Menegasso. Referida parceria estrutura-se sob bases de coopera\u00e7\u00e3o t\u00e9cnica e integra\u00e7\u00e3o operacional, por meio da qual o escrit\u00f3rio Rolof Menegasso atua na \u00e1rea do Direito Civil em alinhamento \u00e0s diretrizes institucionais do Camargo Vida, observando os [&hellip;]<\/p>\n","protected":false},"author":1,"featured_media":0,"parent":0,"menu_order":0,"comment_status":"closed","ping_status":"closed","template":"elementor_canvas","meta":{"footnotes":""},"class_list":["post-40","page","type-page","status-publish","hentry"],"_links":{"self":[{"href":"https:\/\/camargovida.adv.br\/index.php\/wp-json\/wp\/v2\/pages\/40","targetHints":{"allow":["GET"]}}],"collection":[{"href":"https:\/\/camargovida.adv.br\/index.php\/wp-json\/wp\/v2\/pages"}],"about":[{"href":"https:\/\/camargovida.adv.br\/index.php\/wp-json\/wp\/v2\/types\/page"}],"author":[{"embeddable":true,"href":"https:\/\/camargovida.adv.br\/index.php\/wp-json\/wp\/v2\/users\/1"}],"replies":[{"embeddable":true,"href":"https:\/\/camargovida.adv.br\/index.php\/wp-json\/wp\/v2\/comments?post=40"}],"version-history":[{"count":25,"href":"https:\/\/camargovida.adv.br\/index.php\/wp-json\/wp\/v2\/pages\/40\/revisions"}],"predecessor-version":[{"id":471,"href":"https:\/\/camargovida.adv.br\/index.php\/wp-json\/wp\/v2\/pages\/40\/revisions\/471"}],"wp:attachment":[{"href":"https:\/\/camargovida.adv.br\/index.php\/wp-json\/wp\/v2\/media?parent=40"}],"curies":[{"name":"wp","href":"https:\/\/api.w.org\/{rel}","templated":true}]}}