{"id":38,"date":"2022-08-27T11:38:23","date_gmt":"2022-08-27T14:38:23","guid":{"rendered":"https:\/\/camargovida.adv.br\/?page_id=38"},"modified":"2022-08-30T11:12:07","modified_gmt":"2022-08-30T14:12:07","slug":"direito-trabalhista","status":"publish","type":"page","link":"https:\/\/camargovida.adv.br\/index.php\/direito-trabalhista\/","title":{"rendered":"Direito Trabalhista"},"content":{"rendered":"\t\t<div data-elementor-type=\"wp-page\" data-elementor-id=\"38\" class=\"elementor elementor-38\">\n\t\t\t\t\t\t<section class=\"elementor-section elementor-top-section elementor-element elementor-element-67dbb215 elementor-section-height-min-height elementor-section-content-middle elementor-section-boxed elementor-section-height-default elementor-section-items-middle\" data-id=\"67dbb215\" data-element_type=\"section\" data-settings=\"{&quot;background_background&quot;:&quot;classic&quot;}\">\n\t\t\t\t\t\t<div class=\"elementor-container elementor-column-gap-default\">\n\t\t\t\t\t<div class=\"elementor-column elementor-col-100 elementor-top-column elementor-element elementor-element-68a1ecb9\" data-id=\"68a1ecb9\" data-element_type=\"column\">\n\t\t\t<div class=\"elementor-widget-wrap\">\n\t\t\t\t\t\t\t<\/div>\n\t\t<\/div>\n\t\t\t\t\t<\/div>\n\t\t<\/section>\n\t\t\t\t<section class=\"elementor-section elementor-top-section elementor-element elementor-element-3f4373e2 elementor-section-boxed elementor-section-height-default elementor-section-height-default\" data-id=\"3f4373e2\" data-element_type=\"section\" data-settings=\"{&quot;background_background&quot;:&quot;classic&quot;}\">\n\t\t\t\t\t\t<div class=\"elementor-container elementor-column-gap-default\">\n\t\t\t\t\t<div class=\"elementor-column elementor-col-100 elementor-top-column elementor-element elementor-element-10c7d25c\" data-id=\"10c7d25c\" data-element_type=\"column\">\n\t\t\t<div class=\"elementor-widget-wrap elementor-element-populated\">\n\t\t\t\t\t\t<div class=\"elementor-element elementor-element-3fd3ea6a elementor-widget elementor-widget-heading\" data-id=\"3fd3ea6a\" data-element_type=\"widget\" data-widget_type=\"heading.default\">\n\t\t\t\t<div class=\"elementor-widget-container\">\n\t\t\t\t\t<h2 class=\"elementor-heading-title elementor-size-default\">DIREITO TRABALHISTA<\/h2>\t\t\t\t<\/div>\n\t\t\t\t<\/div>\n\t\t\t\t<div class=\"elementor-element elementor-element-217f0b0f elementor-widget elementor-widget-text-editor\" data-id=\"217f0b0f\" data-element_type=\"widget\" data-widget_type=\"text-editor.default\">\n\t\t\t\t<div class=\"elementor-widget-container\">\n\t\t\t\t\t\t\t\t\t<p><strong>Atua\u00e7\u00e3o no preventivo e contencioso trabalhista (a\u00e7\u00f5es individuais, coletivas e a\u00e7\u00f5es civis p\u00fablicas):<\/strong> Como diferencial o escrit\u00f3rio Camargo Vida disp\u00f5e de profissionais com experi\u00eancia na defesa de empresas em quest\u00f5es judiciais trabalhistas, sejam elas a\u00e7\u00f5es indenizat\u00f3rias, autos de infra\u00e7\u00e3o ou notifica\u00e7\u00f5es. A expertise acumulada nos mais de 20 anos do escrit\u00f3rio permite um conhecimento profundo de jurisprud\u00eancia dos casos trabalhistas an\u00e1logos e, portanto, a ado\u00e7\u00e3o das estrat\u00e9gias mais oportunas para cada situa\u00e7\u00e3o. Realizamos o controle e gest\u00e3o de passivos contingentes, de forma a reduzir seu impacto no resultado financeiro de nossos Clientes e realiza\u00e7\u00e3o de auditorias e \u201cdue diligences\u201d para apura\u00e7\u00e3o processos ou procedimentos que necessitem de corre\u00e7\u00e3o;<\/p><p><strong>Sindical:<\/strong> Atua\u00e7\u00e3o de especialistas no relacionamento de empresas com sindicatos de suas respectivas categorias. O escrit\u00f3rio Camargo Vida participa de forma ativa representando nossos clientes na elabora\u00e7\u00e3o de Acordos Coletivos de Trabalho e em mesa redonda;<\/p><p><strong>Minist\u00e9rio do Trabalho e Minist\u00e9rio P\u00fablico do Trabalho:<\/strong> Realiza\u00e7\u00e3o de acordos, redu\u00e7\u00e3o de multas, improced\u00eancia de auto de infra\u00e7\u00f5es, arquivamento de Termo de Ajuste de Conduta (TAC) com cases de sucesso;<\/p><p>Organiza\u00e7\u00e3o e apresenta\u00e7\u00e3o de palestras, workshops webnair \u00e0 diretoria, ger\u00eancia e coordena\u00e7\u00e3o de nossos Clientes, sobre os principais pontos do Direito do Trabalho, reformas e jurisprud\u00eancia atual;<\/p><p>Elabora\u00e7\u00e3o de \u201cLegal Opinions\u201d, pareceres sobre quaisquer temas relacionados \u00e0s rela\u00e7\u00f5es trabalhistas, bem como, atualiza\u00e7\u00e3o por e-mail e meios eletr\u00f4nicos sobre as \u00faltimas not\u00edcias de impacto nas rela\u00e7\u00f5es de trabalho;<\/p><p><strong>Atua\u00e7\u00e3o direcionada em Acidentes de Trabalho e Doen\u00e7as Ocupacionais:<\/strong> orienta\u00e7\u00f5es para minimizar os danos e preju\u00edzos, bem como, orienta\u00e7\u00f5es preventivas dentro do ambiente coorporativo;<\/p><p><strong>\u00a0Compliance trabalhista e remunera\u00e7\u00e3o:<\/strong> O escrit\u00f3rio atua com trabalho consultivo preventivo de orienta\u00e7\u00e3o e treinamentos \u201cin door\u201d junto ao departamento de Recursos Humanos sobre temas como: legisla\u00e7\u00e3o trabalhista, normas de seguran\u00e7a e medicina do trabalho. Al\u00e9m disso, auxilia na confec\u00e7\u00e3o de pol\u00edtica de remunera\u00e7\u00e3o de executivos, prevendo a possibilidade de dividendos de empresas dos mais variados tipos, garantindo um plano de remunera\u00e7\u00e3o que esteja de acordo com a legalidade;<\/p><p><strong>LGPD:<\/strong> Assessoria, auditoria e implanta\u00e7\u00e3o de procedimentos para conformidade no aspecto juslaboral;<\/p><p><strong>\u00c9tica:<\/strong> Reda\u00e7\u00e3o de documentos trabalhistas que contemplem as necessidades comportamentais e normas de conduta internas (entre outros documentos), frente ao necess\u00e1rio Compliance na rela\u00e7\u00e3o com os empregados e prestadores de servi\u00e7os, criando uma pol\u00edtica e c\u00f3digo de \u00e9tica coerente e melhores pr\u00e1ticas em rela\u00e7\u00e3o aos interesses e neg\u00f3cios da companhia.<\/p>\t\t\t\t\t\t\t\t<\/div>\n\t\t\t\t<\/div>\n\t\t\t\t\t<\/div>\n\t\t<\/div>\n\t\t\t\t\t<\/div>\n\t\t<\/section>\n\t\t\t\t<section class=\"elementor-section elementor-top-section elementor-element elementor-element-102f4ef7 elementor-section-height-min-height elementor-section-boxed elementor-section-height-default elementor-section-items-middle\" data-id=\"102f4ef7\" data-element_type=\"section\" data-settings=\"{&quot;background_background&quot;:&quot;classic&quot;}\">\n\t\t\t\t\t\t\t<div class=\"elementor-background-overlay\"><\/div>\n\t\t\t\t\t\t\t<div class=\"elementor-container elementor-column-gap-default\">\n\t\t\t\t\t<div class=\"elementor-column elementor-col-50 elementor-top-column elementor-element elementor-element-69a2fadb\" data-id=\"69a2fadb\" data-element_type=\"column\">\n\t\t\t<div class=\"elementor-widget-wrap elementor-element-populated\">\n\t\t\t\t\t\t<div class=\"elementor-element elementor-element-6a35e30f elementor-widget elementor-widget-heading\" data-id=\"6a35e30f\" data-element_type=\"widget\" data-widget_type=\"heading.default\">\n\t\t\t\t<div class=\"elementor-widget-container\">\n\t\t\t\t\t<h2 class=\"elementor-heading-title elementor-size-default\">Entre em contato conosco!<\/h2>\t\t\t\t<\/div>\n\t\t\t\t<\/div>\n\t\t\t\t\t<\/div>\n\t\t<\/div>\n\t\t\t\t<div class=\"elementor-column elementor-col-50 elementor-top-column elementor-element elementor-element-56ec68c2\" data-id=\"56ec68c2\" data-element_type=\"column\">\n\t\t\t<div class=\"elementor-widget-wrap elementor-element-populated\">\n\t\t\t\t\t\t<div class=\"elementor-element elementor-element-2345c67a elementor-align-right elementor-widget elementor-widget-button\" data-id=\"2345c67a\" data-element_type=\"widget\" data-widget_type=\"button.default\">\n\t\t\t\t<div class=\"elementor-widget-container\">\n\t\t\t\t\t\t\t\t\t<div class=\"elementor-button-wrapper\">\n\t\t\t\t\t<a class=\"elementor-button elementor-button-link elementor-size-lg\" href=\"https:\/\/camargovida.adv.br\/index.php\/contato\/\">\n\t\t\t\t\t\t<span class=\"elementor-button-content-wrapper\">\n\t\t\t\t\t\t\t\t\t<span class=\"elementor-button-text\">Clique aqui<\/span>\n\t\t\t\t\t<\/span>\n\t\t\t\t\t<\/a>\n\t\t\t\t<\/div>\n\t\t\t\t\t\t\t\t<\/div>\n\t\t\t\t<\/div>\n\t\t\t\t\t<\/div>\n\t\t<\/div>\n\t\t\t\t\t<\/div>\n\t\t<\/section>\n\t\t\t\t<\/div>\n\t\t","protected":false},"excerpt":{"rendered":"<p>DIREITO TRABALHISTA Atua\u00e7\u00e3o no preventivo e contencioso trabalhista (a\u00e7\u00f5es individuais, coletivas e a\u00e7\u00f5es civis p\u00fablicas): Como diferencial o escrit\u00f3rio Camargo Vida disp\u00f5e de profissionais com experi\u00eancia na defesa de empresas em quest\u00f5es judiciais trabalhistas, sejam elas a\u00e7\u00f5es indenizat\u00f3rias, autos de infra\u00e7\u00e3o ou notifica\u00e7\u00f5es. A expertise acumulada nos mais de 20 anos do escrit\u00f3rio permite um [&hellip;]<\/p>\n","protected":false},"author":1,"featured_media":0,"parent":0,"menu_order":0,"comment_status":"closed","ping_status":"closed","template":"elementor_canvas","meta":{"footnotes":""},"class_list":["post-38","page","type-page","status-publish","hentry"],"_links":{"self":[{"href":"https:\/\/camargovida.adv.br\/index.php\/wp-json\/wp\/v2\/pages\/38","targetHints":{"allow":["GET"]}}],"collection":[{"href":"https:\/\/camargovida.adv.br\/index.php\/wp-json\/wp\/v2\/pages"}],"about":[{"href":"https:\/\/camargovida.adv.br\/index.php\/wp-json\/wp\/v2\/types\/page"}],"author":[{"embeddable":true,"href":"https:\/\/camargovida.adv.br\/index.php\/wp-json\/wp\/v2\/users\/1"}],"replies":[{"embeddable":true,"href":"https:\/\/camargovida.adv.br\/index.php\/wp-json\/wp\/v2\/comments?post=38"}],"version-history":[{"count":10,"href":"https:\/\/camargovida.adv.br\/index.php\/wp-json\/wp\/v2\/pages\/38\/revisions"}],"predecessor-version":[{"id":353,"href":"https:\/\/camargovida.adv.br\/index.php\/wp-json\/wp\/v2\/pages\/38\/revisions\/353"}],"wp:attachment":[{"href":"https:\/\/camargovida.adv.br\/index.php\/wp-json\/wp\/v2\/media?parent=38"}],"curies":[{"name":"wp","href":"https:\/\/api.w.org\/{rel}","templated":true}]}}